{"id":35,"date":"2021-11-08T04:36:03","date_gmt":"2021-11-08T04:36:03","guid":{"rendered":"https:\/\/blockart-professional-2.sites.qsandbox.com\/?page_id=35"},"modified":"2024-04-16T07:15:44","modified_gmt":"2024-04-16T05:15:44","slug":"home","status":"publish","type":"page","link":"https:\/\/s4u-itservice.de\/","title":{"rendered":""},"content":{"rendered":"\n<figure class=\"wp-block-image size-large\"><img loading=\"lazy\" decoding=\"async\" width=\"1024\" height=\"442\" src=\"https:\/\/s4u-itservice.de\/wp-content\/uploads\/2023\/01\/logo-s4u-itservice_klein-1024x442.jpg\" alt=\"\" class=\"wp-image-1647\" srcset=\"https:\/\/s4u-itservice.de\/wp-content\/uploads\/2023\/01\/logo-s4u-itservice_klein-1024x442.jpg 1024w, https:\/\/s4u-itservice.de\/wp-content\/uploads\/2023\/01\/logo-s4u-itservice_klein-300x130.jpg 300w, https:\/\/s4u-itservice.de\/wp-content\/uploads\/2023\/01\/logo-s4u-itservice_klein-768x332.jpg 768w, https:\/\/s4u-itservice.de\/wp-content\/uploads\/2023\/01\/logo-s4u-itservice_klein-1536x664.jpg 1536w, https:\/\/s4u-itservice.de\/wp-content\/uploads\/2023\/01\/logo-s4u-itservice_klein-600x259.jpg 600w, https:\/\/s4u-itservice.de\/wp-content\/uploads\/2023\/01\/logo-s4u-itservice_klein.jpg 1856w\" sizes=\"auto, (max-width: 1024px) 100vw, 1024px\" \/><\/figure>\n\n\n\n<pre class=\"wp-block-code\"><code><strong>Wir unterst\u00fctzen Sie beim Einsatz folgender Produkte<\/strong><\/code><\/pre>\n\n\n\n<div class=\"wp-block-columns is-layout-flex wp-container-core-columns-is-layout-28f84493 wp-block-columns-is-layout-flex\">\n<div class=\"wp-block-column is-layout-flow wp-block-column-is-layout-flow\" style=\"flex-basis:100%\">\n<div class=\"wp-block-group is-layout-constrained wp-block-group-is-layout-constrained\">\n<div class=\"wp-block-columns is-layout-flex wp-container-core-columns-is-layout-28f84493 wp-block-columns-is-layout-flex\">\n<div class=\"wp-block-column is-layout-flow wp-block-column-is-layout-flow\" style=\"flex-basis:100%\">\n<div class=\"wp-block-group is-layout-constrained wp-block-group-is-layout-constrained\">\n<div class=\"wp-block-columns is-layout-flex wp-container-core-columns-is-layout-28f84493 wp-block-columns-is-layout-flex\">\n<div class=\"wp-block-column has-medium-font-size is-layout-flow wp-block-column-is-layout-flow\">\n<p class=\"has-vivid-red-color has-luminous-vivid-amber-background-color has-text-color has-background\"><a href=\"#backupassist\" data-type=\"internal\" data-id=\"#backupassist\"><strong>Backup<\/strong>Assist<\/a><\/p>\n<\/div>\n\n\n\n<div class=\"wp-block-column has-medium-font-size is-layout-flow wp-block-column-is-layout-flow\">\n<p class=\"has-vivid-red-color has-light-green-cyan-background-color has-text-color has-background has-medium-font-size\"><a href=\"#mdaemon\" data-type=\"internal\" data-id=\"#mdaemon\"><strong>Mailserver<\/strong> MDAEMON<\/a><\/p>\n<\/div>\n<\/div>\n<\/div>\n<\/div>\n<\/div>\n<\/div>\n<\/div>\n<\/div>\n\n\n\n<div class=\"wp-block-group is-layout-constrained wp-block-group-is-layout-constrained\">\n<div class=\"wp-block-columns is-layout-flex wp-container-core-columns-is-layout-28f84493 wp-block-columns-is-layout-flex\">\n<div class=\"wp-block-column is-layout-flow wp-block-column-is-layout-flow\" style=\"flex-basis:100%\">\n<div class=\"wp-block-group is-layout-constrained wp-block-group-is-layout-constrained\">\n<div class=\"wp-block-columns is-layout-flex wp-container-core-columns-is-layout-28f84493 wp-block-columns-is-layout-flex\">\n<div class=\"wp-block-column is-layout-flow wp-block-column-is-layout-flow\">\n<p class=\"has-vivid-red-color has-pale-cyan-blue-background-color has-text-color has-background has-medium-font-size\"><a href=\"#mailstore\"><strong>Mailarchivierung<\/strong> MAILSTORE<\/a><\/p>\n\n\n\n<p><\/p>\n<\/div>\n\n\n\n<div class=\"wp-block-column is-layout-flow wp-block-column-is-layout-flow\">\n<p class=\"has-white-color has-vivid-purple-background-color has-text-color has-background has-medium-font-size\"><a href=\"#eset\"><strong>ESET Internet Security<\/strong> <\/a><\/p>\n<\/div>\n<\/div>\n<\/div>\n<\/div>\n<\/div>\n<\/div>\n\n\n\n<div class=\"blockart-section blockart-section-4ca2e81c\"><div class=\"blockart-container\"><div class=\"blockart-section-inner\">\n\n<div class=\"blockart-column blockart-column-b95c4927\"><div class=\"blockart-column-inner\"><\/div><\/div>\n\n\n<div class=\"blockart-column blockart-column-ec0b6931\"><div class=\"blockart-column-inner\">\n\n<p class=\"blockart-paragraph blockart-paragraph-8c1f8cc0\">Bereit f\u00fcr die Zusammenarbeit ?<\/p>\n\n\n<h2 class=\"blockart-heading blockart-heading-2b8c0d51\">Get In Touch<\/h2>\n\n\n<p class=\"blockart-paragraph blockart-paragraph-20e3ec18\">Wir freuen uns auf Sie.<\/p>\n\n\n<div class=\"blockart-buttons blockart-buttons-cbb51bf2 is-justification-center is-horizontal is-wrap\">\n\n<div class=\"blockart-button blockart-button-215c9bce \"><a class=\"blockart-button-link is-custom is-style-filled\" href=\"http:\/\/s4u-itservice.de\/index.php\/contact\/\">Kontaktieren Sie uns<\/a><\/div>\n\n<\/div>\n\n<\/div><\/div>\n\n\n<div class=\"blockart-column blockart-column-4abda449\"><div class=\"blockart-column-inner\"><\/div><\/div>\n\n<\/div><\/div><\/div>\n\n\n\n<hr class=\"wp-block-separator has-alpha-channel-opacity\"\/>\n\n\n\n<h2 class=\"wp-block-heading has-luminous-vivid-amber-background-color has-background\" id=\"backupassist\">BackupAssist <\/h2>\n\n\n\n<h3 class=\"wp-block-heading\">BackupAssist Classic<\/h3>\n\n\n\n<p>BackupAssist Classic ist die wahrscheinlich am einfachsten zu bedienende Backup-L\u00f6sung f\u00fcr Windows-Server \u00fcberhaupt. Die Datensicherungsl\u00f6sung f\u00fchrt vollautomatisch geplante Backups durch und sch\u00fctzt vor Ransomware-Verschl\u00fcsselung.<\/p>\n\n\n\n<h3 class=\"wp-block-heading\">BackupAssist 365<\/h3>\n\n\n\n<p>BackupAssist 365 sichert die Microsoft 365- und Hosted Exchange-Daten Ihrer Kunden flexibel auf einem lokalen Speicherplatz Ihrer Wahl. So bleiben Sie unabh\u00e4ngig von der Microsoft-Infrastruktur, erhalten mehr Sicherheit und haben durchgehend Zugriff auf relevante Daten.<\/p>\n\n\n\n<h2 class=\"wp-block-heading has-vivid-green-cyan-background-color has-background\" id=\"mdaemon\"> MDAEMON<\/h2>\n\n\n\n<p>Der MDaemon Email Server ist ein schneller, kosteng\u00fcnstiger und sicherer E-Mail- und Groupware-Server mit umfangreichen Funktionen, die ihn seit mehr als 20 Jahren zur wichtigsten Exchange-Alternative am Markt machen.<\/p>\n\n\n\n<h2 class=\"wp-block-heading has-pale-cyan-blue-background-color has-background\" id=\"mailstore\">Mailstore<\/h2>\n\n\n\n<p>MailStore Server ist die leistungsstarke und weltweit f\u00fchrende E-Mail-Archivierungsl\u00f6sung \u201cmade in Germany\u201d \u2013 einfach zu bedienen, DSGVO-zertifiziert und revisionssicher, wie vom Gesetzgeber gefordert.<\/p>\n\n\n\n<h2 class=\"wp-block-heading has-vivid-purple-background-color has-background\" id=\"eset&quot;\">ESET Internet Security<\/h2>\n\n\n\n<h3 class=\"wp-block-heading\">ESET Endpoint Security<\/h3>\n\n\n\n<p>Optimal ineinandergreifende Technologien sorgen daf\u00fcr, dass Schadprogramme abgewehrt, zielgerichtete Angriffe umgehend blockiert und die Daten Ihrer Kunden bestm\u00f6glich gesch\u00fctzt werden.<\/p>\n\n\n\n<h3 class=\"wp-block-heading\">ESET Endpoint Encryption<\/h3>\n\n\n\n<p>Sch\u00fctzen Sie Daten auf Festplatten, mobilen Speichermedien und in E-Mails. So halten Sie Datenschutzbestimmungen ein und verhindern unberechtigten Zugriff.<\/p>\n\n\n","protected":false},"excerpt":{"rendered":"<p>BackupAssist Mailserver MDAEMON Mailarchivierung MAILSTORE ESET Internet Security BackupAssist BackupAssist Classic BackupAssist Classic ist die wahrscheinlich am einfachsten zu bedienende Backup-L\u00f6sung f\u00fcr Windows-Server \u00fcberhaupt. Die Datensicherungsl\u00f6sung f\u00fchrt vollautomatisch geplante Backups durch und sch\u00fctzt vor Ransomware-Verschl\u00fcsselung. BackupAssist 365 BackupAssist 365 sichert die Microsoft 365- und Hosted Exchange-Daten Ihrer Kunden flexibel auf einem lokalen Speicherplatz Ihrer Wahl. [&hellip;]<\/p>\n","protected":false},"author":1,"featured_media":0,"parent":0,"menu_order":0,"comment_status":"closed","ping_status":"closed","template":"","meta":{"zakra_sidebar_layout":"customizer","zakra_remove_content_margin":true,"zakra_sidebar":"customizer","zakra_transparent_header":"1","zakra_logo":313,"zakra_main_header_style":"default","zakra_menu_item_color":"#ffffff","zakra_menu_item_hover_color":"#d90a2c","zakra_menu_item_active_color":"#d90a2c","zakra_menu_active_style":"","zakra_page_header":false,"footnotes":""},"class_list":["post-35","page","type-page","status-publish","hentry"],"_links":{"self":[{"href":"https:\/\/s4u-itservice.de\/index.php\/wp-json\/wp\/v2\/pages\/35","targetHints":{"allow":["GET"]}}],"collection":[{"href":"https:\/\/s4u-itservice.de\/index.php\/wp-json\/wp\/v2\/pages"}],"about":[{"href":"https:\/\/s4u-itservice.de\/index.php\/wp-json\/wp\/v2\/types\/page"}],"author":[{"embeddable":true,"href":"https:\/\/s4u-itservice.de\/index.php\/wp-json\/wp\/v2\/users\/1"}],"replies":[{"embeddable":true,"href":"https:\/\/s4u-itservice.de\/index.php\/wp-json\/wp\/v2\/comments?post=35"}],"version-history":[{"count":52,"href":"https:\/\/s4u-itservice.de\/index.php\/wp-json\/wp\/v2\/pages\/35\/revisions"}],"predecessor-version":[{"id":1878,"href":"https:\/\/s4u-itservice.de\/index.php\/wp-json\/wp\/v2\/pages\/35\/revisions\/1878"}],"wp:attachment":[{"href":"https:\/\/s4u-itservice.de\/index.php\/wp-json\/wp\/v2\/media?parent=35"}],"curies":[{"name":"wp","href":"https:\/\/api.w.org\/{rel}","templated":true}]}}